{"id":989374,"date":"2024-08-05T21:27:58","date_gmt":"2024-08-05T19:27:58","guid":{"rendered":"https:\/\/new.phmb.com.pl\/?page_id=989374"},"modified":"2024-10-16T22:27:11","modified_gmt":"2024-10-16T20:27:11","slug":"centrum-budowlane-sigma","status":"publish","type":"page","link":"https:\/\/phmb.com.pl\/index.php\/partnerzy\/centrum-budowlane-sigma\/","title":{"rendered":"Centrum Budowlane SIGMA"},"content":{"rendered":"\t\t<div data-elementor-type=\"wp-page\" data-elementor-id=\"989374\" class=\"elementor elementor-989374\" data-elementor-post-type=\"page\">\n\t\t\t\t\t\t<section class=\"elementor-section elementor-top-section elementor-element elementor-element-680cc337 elementor-section-content-middle elementor-section-boxed elementor-section-height-default elementor-section-height-default\" data-id=\"680cc337\" data-element_type=\"section\" data-e-type=\"section\">\n\t\t\t\t\t\t<div class=\"elementor-container elementor-column-gap-no\">\n\t\t\t\t\t<div class=\"elementor-column elementor-col-50 elementor-top-column elementor-element elementor-element-6efb1301\" data-id=\"6efb1301\" data-element_type=\"column\" data-e-type=\"column\">\n\t\t\t<div class=\"elementor-widget-wrap elementor-element-populated\">\n\t\t\t\t\t\t<div class=\"elementor-element elementor-element-cc9750c elementor-widget elementor-widget-google_maps\" data-id=\"cc9750c\" data-element_type=\"widget\" data-e-type=\"widget\" data-widget_type=\"google_maps.default\">\n\t\t\t\t<div class=\"elementor-widget-container\">\n\t\t\t\t\t\t\t<div class=\"elementor-custom-embed\">\n\t\t\t<iframe loading=\"lazy\"\n\t\t\t\t\tsrc=\"https:\/\/maps.google.com\/maps?q=ul.%20Gda%C5%84ska%2071%2007-100%20W%C4%99gr%C3%B3w&#038;t=m&#038;z=13&#038;output=embed&#038;iwloc=near\"\n\t\t\t\t\ttitle=\"ul. Gda\u0144ska 71 07-100 W\u0119gr\u00f3w\"\n\t\t\t\t\taria-label=\"ul. Gda\u0144ska 71 07-100 W\u0119gr\u00f3w\"\n\t\t\t><\/iframe>\n\t\t<\/div>\n\t\t\t\t\t\t<\/div>\n\t\t\t\t<\/div>\n\t\t\t\t\t<\/div>\n\t\t<\/div>\n\t\t\t\t<div class=\"elementor-column elementor-col-50 elementor-top-column elementor-element elementor-element-7fc24b90\" data-id=\"7fc24b90\" data-element_type=\"column\" data-e-type=\"column\" data-settings=\"{&quot;background_background&quot;:&quot;classic&quot;}\">\n\t\t\t<div class=\"elementor-widget-wrap elementor-element-populated\">\n\t\t\t\t\t\t<div class=\"elementor-element elementor-element-2a1a6e59 elementor-widget elementor-widget-text-editor\" data-id=\"2a1a6e59\" data-element_type=\"widget\" data-e-type=\"widget\" data-widget_type=\"text-editor.default\">\n\t\t\t\t<div class=\"elementor-widget-container\">\n\t\t\t\t\t\t\t\t\t<h5><b>Adres<\/b><\/h5><p>Ul.\u00a0Gda\u0144ska 71<br \/>07-100 W\u0119gr\u00f3w<\/p><p>tel. <a href=\"tel: 25 792 55 45\">25 792 55 45<\/a><\/p><p>kom. <a href=\"tel:+48602505435\">602 505 435<\/a><\/p><p>e-mail: <a href=\"mailto:sigma@sigma.wegrow.pl\">sigma@sigma.wegrow.pl<\/a><\/p><p>strona www: <a href=\"https:\/\/sigma.wegrow.pl\/\">www.sigma.wegrow.pl<\/a><\/p>\t\t\t\t\t\t\t\t<\/div>\n\t\t\t\t<\/div>\n\t\t\t\t\t<\/div>\n\t\t<\/div>\n\t\t\t\t\t<\/div>\n\t\t<\/section>\n\t\t<div class=\"elementor-element elementor-element-a074d65 e-flex e-con-boxed e-con e-parent\" data-id=\"a074d65\" data-element_type=\"container\" data-e-type=\"container\">\n\t\t\t\t\t<div class=\"e-con-inner\">\n\t\t\t\t\t<\/div>\n\t\t\t\t<\/div>\n\t\t\t\t<\/div>\n\t\t","protected":false},"excerpt":{"rendered":"<p>Centrum Budowlane SIGMA<\/p>\n","protected":false},"author":2,"featured_media":989375,"parent":138,"menu_order":0,"comment_status":"closed","ping_status":"closed","template":"","meta":{"_acf_changed":false,"footnotes":""},"categories":[86],"tags":[87],"class_list":["post-989374","page","type-page","status-publish","has-post-thumbnail","hentry","category-partnerzy","tag-partnerzy"],"acf":[],"_links":{"self":[{"href":"https:\/\/phmb.com.pl\/index.php\/wp-json\/wp\/v2\/pages\/989374","targetHints":{"allow":["GET"]}}],"collection":[{"href":"https:\/\/phmb.com.pl\/index.php\/wp-json\/wp\/v2\/pages"}],"about":[{"href":"https:\/\/phmb.com.pl\/index.php\/wp-json\/wp\/v2\/types\/page"}],"author":[{"embeddable":true,"href":"https:\/\/phmb.com.pl\/index.php\/wp-json\/wp\/v2\/users\/2"}],"replies":[{"embeddable":true,"href":"https:\/\/phmb.com.pl\/index.php\/wp-json\/wp\/v2\/comments?post=989374"}],"version-history":[{"count":0,"href":"https:\/\/phmb.com.pl\/index.php\/wp-json\/wp\/v2\/pages\/989374\/revisions"}],"up":[{"embeddable":true,"href":"https:\/\/phmb.com.pl\/index.php\/wp-json\/wp\/v2\/pages\/138"}],"wp:featuredmedia":[{"embeddable":true,"href":"https:\/\/phmb.com.pl\/index.php\/wp-json\/wp\/v2\/media\/989375"}],"wp:attachment":[{"href":"https:\/\/phmb.com.pl\/index.php\/wp-json\/wp\/v2\/media?parent=989374"}],"wp:term":[{"taxonomy":"category","embeddable":true,"href":"https:\/\/phmb.com.pl\/index.php\/wp-json\/wp\/v2\/categories?post=989374"},{"taxonomy":"post_tag","embeddable":true,"href":"https:\/\/phmb.com.pl\/index.php\/wp-json\/wp\/v2\/tags?post=989374"}],"curies":[{"name":"wp","href":"https:\/\/api.w.org\/{rel}","templated":true}]}}