{"id":989124,"date":"2024-07-26T09:36:19","date_gmt":"2024-07-26T07:36:19","guid":{"rendered":"https:\/\/new.phmb.com.pl\/?page_id=989124"},"modified":"2024-08-01T23:44:24","modified_gmt":"2024-08-01T21:44:24","slug":"cembe","status":"publish","type":"page","link":"https:\/\/phmb.com.pl\/index.php\/partnerzy\/cembe\/","title":{"rendered":"Cembe"},"content":{"rendered":"\t\t<div data-elementor-type=\"wp-page\" data-elementor-id=\"989124\" class=\"elementor elementor-989124\" data-elementor-post-type=\"page\">\n\t\t\t\t\t\t<section class=\"elementor-section elementor-top-section elementor-element elementor-element-680cc337 elementor-section-content-middle elementor-section-boxed elementor-section-height-default elementor-section-height-default\" data-id=\"680cc337\" data-element_type=\"section\" data-e-type=\"section\">\n\t\t\t\t\t\t<div class=\"elementor-container elementor-column-gap-no\">\n\t\t\t\t\t<div class=\"elementor-column elementor-col-50 elementor-top-column elementor-element elementor-element-6efb1301\" data-id=\"6efb1301\" data-element_type=\"column\" data-e-type=\"column\">\n\t\t\t<div class=\"elementor-widget-wrap elementor-element-populated\">\n\t\t\t\t\t\t<div class=\"elementor-element elementor-element-cc9750c elementor-widget elementor-widget-google_maps\" data-id=\"cc9750c\" data-element_type=\"widget\" data-e-type=\"widget\" data-widget_type=\"google_maps.default\">\n\t\t\t\t<div class=\"elementor-widget-container\">\n\t\t\t\t\t\t\t<div class=\"elementor-custom-embed\">\n\t\t\t<iframe loading=\"lazy\"\n\t\t\t\t\tsrc=\"https:\/\/maps.google.com\/maps?q=ul.%20Gorzowska%207%2C%2065-127%20Zielona%20G%C3%B3ra&#038;t=m&#038;z=13&#038;output=embed&#038;iwloc=near\"\n\t\t\t\t\ttitle=\"ul. Gorzowska 7, 65-127 Zielona G\u00f3ra\"\n\t\t\t\t\taria-label=\"ul. Gorzowska 7, 65-127 Zielona G\u00f3ra\"\n\t\t\t><\/iframe>\n\t\t<\/div>\n\t\t\t\t\t\t<\/div>\n\t\t\t\t<\/div>\n\t\t\t\t\t<\/div>\n\t\t<\/div>\n\t\t\t\t<div class=\"elementor-column elementor-col-50 elementor-top-column elementor-element elementor-element-7fc24b90\" data-id=\"7fc24b90\" data-element_type=\"column\" data-e-type=\"column\" data-settings=\"{&quot;background_background&quot;:&quot;classic&quot;}\">\n\t\t\t<div class=\"elementor-widget-wrap elementor-element-populated\">\n\t\t\t\t\t\t<div class=\"elementor-element elementor-element-2a1a6e59 elementor-widget elementor-widget-text-editor\" data-id=\"2a1a6e59\" data-element_type=\"widget\" data-e-type=\"widget\" data-widget_type=\"text-editor.default\">\n\t\t\t\t<div class=\"elementor-widget-container\">\n\t\t\t\t\t\t\t\t\t<h5 class=\"padding-paragraph\"><strong>Oddzia\u0142 g\u0142\u00f3wny<\/strong><\/h5><p>ul. Gorzowska 7<br \/>65-127 Zielona G\u00f3ra<\/p><p>tel. 68 320 33 00<\/p><p>e-mail:\u00a0<a href=\"mailto:cembe@cembe.com.pl\">cembe@cembe.com.pl<\/a><\/p><p>strona www:\u00a0<a href=\"https:\/\/cembe.com.pl\/\">www.cembe.com.pl<\/a><\/p>\t\t\t\t\t\t\t\t<\/div>\n\t\t\t\t<\/div>\n\t\t\t\t\t<\/div>\n\t\t<\/div>\n\t\t\t\t\t<\/div>\n\t\t<\/section>\n\t\t\t\t<\/div>\n\t\t","protected":false},"excerpt":{"rendered":"<p>CEMBE Centrum Materia\u0142\u00f3w Budowlanych <\/p>\n","protected":false},"author":2,"featured_media":989281,"parent":138,"menu_order":0,"comment_status":"closed","ping_status":"closed","template":"","meta":{"_acf_changed":false,"footnotes":""},"categories":[86],"tags":[87],"class_list":["post-989124","page","type-page","status-publish","has-post-thumbnail","hentry","category-partnerzy","tag-partnerzy"],"acf":[],"_links":{"self":[{"href":"https:\/\/phmb.com.pl\/index.php\/wp-json\/wp\/v2\/pages\/989124","targetHints":{"allow":["GET"]}}],"collection":[{"href":"https:\/\/phmb.com.pl\/index.php\/wp-json\/wp\/v2\/pages"}],"about":[{"href":"https:\/\/phmb.com.pl\/index.php\/wp-json\/wp\/v2\/types\/page"}],"author":[{"embeddable":true,"href":"https:\/\/phmb.com.pl\/index.php\/wp-json\/wp\/v2\/users\/2"}],"replies":[{"embeddable":true,"href":"https:\/\/phmb.com.pl\/index.php\/wp-json\/wp\/v2\/comments?post=989124"}],"version-history":[{"count":0,"href":"https:\/\/phmb.com.pl\/index.php\/wp-json\/wp\/v2\/pages\/989124\/revisions"}],"up":[{"embeddable":true,"href":"https:\/\/phmb.com.pl\/index.php\/wp-json\/wp\/v2\/pages\/138"}],"wp:featuredmedia":[{"embeddable":true,"href":"https:\/\/phmb.com.pl\/index.php\/wp-json\/wp\/v2\/media\/989281"}],"wp:attachment":[{"href":"https:\/\/phmb.com.pl\/index.php\/wp-json\/wp\/v2\/media?parent=989124"}],"wp:term":[{"taxonomy":"category","embeddable":true,"href":"https:\/\/phmb.com.pl\/index.php\/wp-json\/wp\/v2\/categories?post=989124"},{"taxonomy":"post_tag","embeddable":true,"href":"https:\/\/phmb.com.pl\/index.php\/wp-json\/wp\/v2\/tags?post=989124"}],"curies":[{"name":"wp","href":"https:\/\/api.w.org\/{rel}","templated":true}]}}