{"id":989036,"date":"2024-07-17T10:24:30","date_gmt":"2024-07-17T08:24:30","guid":{"rendered":"https:\/\/new.phmb.com.pl\/?page_id=989036"},"modified":"2024-09-08T18:43:35","modified_gmt":"2024-09-08T16:43:35","slug":"piana-pistoletowa-letnia","status":"publish","type":"page","link":"https:\/\/phmb.com.pl\/index.php\/produkty\/piana-pistoletowa-letnia\/","title":{"rendered":"Piana pistoletowa letnia"},"content":{"rendered":"\t\t<div data-elementor-type=\"wp-page\" data-elementor-id=\"989036\" class=\"elementor elementor-989036\" data-elementor-post-type=\"page\">\n\t\t\t\t\t\t<section class=\"elementor-section elementor-top-section elementor-element elementor-element-3add0ae0 elementor-section-content-top elementor-section-boxed elementor-section-height-default elementor-section-height-default\" data-id=\"3add0ae0\" data-element_type=\"section\" data-e-type=\"section\" data-settings=\"{&quot;background_background&quot;:&quot;classic&quot;}\">\n\t\t\t\t\t\t<div class=\"elementor-container elementor-column-gap-no\">\n\t\t\t\t\t<div class=\"elementor-column elementor-col-66 elementor-top-column elementor-element elementor-element-92d323f elementor-hidden-mobile\" data-id=\"92d323f\" data-element_type=\"column\" data-e-type=\"column\" data-settings=\"{&quot;background_background&quot;:&quot;classic&quot;}\">\n\t\t\t<div class=\"elementor-widget-wrap elementor-element-populated\">\n\t\t\t\t\t\t<div class=\"elementor-element elementor-element-ced1483 elementor-widget elementor-widget-image\" data-id=\"ced1483\" data-element_type=\"widget\" data-e-type=\"widget\" data-settings=\"{&quot;motion_fx_motion_fx_scrolling&quot;:&quot;yes&quot;,&quot;motion_fx_translateY_effect&quot;:&quot;yes&quot;,&quot;motion_fx_translateY_speed&quot;:{&quot;unit&quot;:&quot;px&quot;,&quot;size&quot;:1,&quot;sizes&quot;:[]},&quot;motion_fx_translateY_affectedRange&quot;:{&quot;unit&quot;:&quot;%&quot;,&quot;size&quot;:&quot;&quot;,&quot;sizes&quot;:{&quot;start&quot;:15,&quot;end&quot;:88}},&quot;motion_fx_devices&quot;:[&quot;desktop&quot;]}\" data-widget_type=\"image.default\">\n\t\t\t\t<div class=\"elementor-widget-container\">\n\t\t\t\t\t\t\t\t\t\t\t\t\t\t\t<img decoding=\"async\" width=\"106\" height=\"300\" src=\"https:\/\/phmb.com.pl\/wp-content\/uploads\/2024\/07\/piana-letnia_optimized-106x300.png\" class=\"attachment-medium size-medium wp-image-989061\" alt=\"\" srcset=\"https:\/\/phmb.com.pl\/wp-content\/uploads\/2024\/07\/piana-letnia_optimized-106x300.png 106w, https:\/\/phmb.com.pl\/wp-content\/uploads\/2024\/07\/piana-letnia_optimized-362x1024.png 362w, https:\/\/phmb.com.pl\/wp-content\/uploads\/2024\/07\/piana-letnia_optimized-542x1536.png 542w, https:\/\/phmb.com.pl\/wp-content\/uploads\/2024\/07\/piana-letnia_optimized.png 630w\" sizes=\"(max-width: 106px) 100vw, 106px\" \/>\t\t\t\t\t\t\t\t\t\t\t\t\t\t\t<\/div>\n\t\t\t\t<\/div>\n\t\t\t\t\t<\/div>\n\t\t<\/div>\n\t\t\t\t<div class=\"elementor-column elementor-col-33 elementor-top-column elementor-element elementor-element-3e639c25\" data-id=\"3e639c25\" data-element_type=\"column\" data-e-type=\"column\" data-settings=\"{&quot;background_background&quot;:&quot;classic&quot;}\">\n\t\t\t<div class=\"elementor-widget-wrap elementor-element-populated\">\n\t\t\t\t\t\t<div class=\"elementor-element elementor-element-14e9b48 elementor-widget elementor-widget-heading\" data-id=\"14e9b48\" data-element_type=\"widget\" data-e-type=\"widget\" data-widget_type=\"heading.default\">\n\t\t\t\t<div class=\"elementor-widget-container\">\n\t\t\t\t\t<h5 class=\"elementor-heading-title elementor-size-default\">Szczeg\u00f3\u0142y produktu<\/h5>\t\t\t\t<\/div>\n\t\t\t\t<\/div>\n\t\t\t\t<div class=\"elementor-element elementor-element-70719d1 elementor-widget elementor-widget-spacer\" data-id=\"70719d1\" data-element_type=\"widget\" data-e-type=\"widget\" data-widget_type=\"spacer.default\">\n\t\t\t\t<div class=\"elementor-widget-container\">\n\t\t\t\t\t\t\t<div class=\"elementor-spacer\">\n\t\t\t<div class=\"elementor-spacer-inner\"><\/div>\n\t\t<\/div>\n\t\t\t\t\t\t<\/div>\n\t\t\t\t<\/div>\n\t\t\t\t<div class=\"elementor-element elementor-element-72c77a45 elementor-tabs-view-vertical elementor-widget elementor-widget-tabs\" data-id=\"72c77a45\" data-element_type=\"widget\" data-e-type=\"widget\" data-widget_type=\"tabs.default\">\n\t\t\t\t<div class=\"elementor-widget-container\">\n\t\t\t\t\t\t\t<div class=\"elementor-tabs\">\n\t\t\t<div class=\"elementor-tabs-wrapper\" role=\"tablist\" >\n\t\t\t\t\t\t\t\t\t<div id=\"elementor-tab-title-1921\" class=\"elementor-tab-title elementor-tab-desktop-title\" aria-selected=\"true\" data-tab=\"1\" role=\"tab\" tabindex=\"0\" aria-controls=\"elementor-tab-content-1921\" aria-expanded=\"false\">OPIS PRODUKTU<\/div>\n\t\t\t\t\t\t\t\t\t<div id=\"elementor-tab-title-1922\" class=\"elementor-tab-title elementor-tab-desktop-title\" aria-selected=\"false\" data-tab=\"2\" role=\"tab\" tabindex=\"-1\" aria-controls=\"elementor-tab-content-1922\" aria-expanded=\"false\">ZASTOSOWANIE<\/div>\n\t\t\t\t\t\t\t\t\t<div id=\"elementor-tab-title-1923\" class=\"elementor-tab-title elementor-tab-desktop-title\" aria-selected=\"false\" data-tab=\"3\" role=\"tab\" tabindex=\"-1\" aria-controls=\"elementor-tab-content-1923\" aria-expanded=\"false\">POD\u0141O\u017bA<\/div>\n\t\t\t\t\t\t\t\t\t<div id=\"elementor-tab-title-1924\" class=\"elementor-tab-title elementor-tab-desktop-title\" aria-selected=\"false\" data-tab=\"4\" role=\"tab\" tabindex=\"-1\" aria-controls=\"elementor-tab-content-1924\" aria-expanded=\"false\">ZALETY PO STWARDNIENIU<\/div>\n\t\t\t\t\t\t\t\t\t<div id=\"elementor-tab-title-1925\" class=\"elementor-tab-title elementor-tab-desktop-title\" aria-selected=\"false\" data-tab=\"5\" role=\"tab\" tabindex=\"-1\" aria-controls=\"elementor-tab-content-1925\" aria-expanded=\"false\">PARAMETRY<\/div>\n\t\t\t\t\t\t\t<\/div>\n\t\t\t<div class=\"elementor-tabs-content-wrapper\" role=\"tablist\" aria-orientation=\"vertical\">\n\t\t\t\t\t\t\t\t\t<div class=\"elementor-tab-title elementor-tab-mobile-title\" aria-selected=\"true\" data-tab=\"1\" role=\"tab\" tabindex=\"0\" aria-controls=\"elementor-tab-content-1921\" aria-expanded=\"false\">OPIS PRODUKTU<\/div>\n\t\t\t\t\t<div id=\"elementor-tab-content-1921\" class=\"elementor-tab-content elementor-clearfix\" data-tab=\"1\" role=\"tabpanel\" aria-labelledby=\"elementor-tab-title-1921\" tabindex=\"0\" hidden=\"false\"><p>Pianka pistoletowa letnia ECO Fachmann to profesjonalna poliuretanowa \u00a0piana monta\u017cowo-uszczelniaj\u0105ca przeznaczona do zastosowania przy pomocy pistoletu, dedykowana przede wszystkim do monta\u017cu drzwi i okien, wype\u0142niania wszelkich przestrzeni oraz termicznej i d\u017awi\u0119kowej izolacji. Charakteryzuje si\u0119 bardzo dobr\u0105 izolacyjno\u015bci\u0105, d\u017awi\u0119koch\u0142onno\u015bci\u0105 i odporno\u015bci\u0105 termiczn\u0105.<\/p><\/div>\n\t\t\t\t\t\t\t\t\t<div class=\"elementor-tab-title elementor-tab-mobile-title\" aria-selected=\"false\" data-tab=\"2\" role=\"tab\" tabindex=\"-1\" aria-controls=\"elementor-tab-content-1922\" aria-expanded=\"false\">ZASTOSOWANIE<\/div>\n\t\t\t\t\t<div id=\"elementor-tab-content-1922\" class=\"elementor-tab-content elementor-clearfix\" data-tab=\"2\" role=\"tabpanel\" aria-labelledby=\"elementor-tab-title-1922\" tabindex=\"0\" hidden=\"hidden\"><ul class=\"product-list\"><li class=\"product-list__item m-font txt-m b-color\"><p>osadzanie drzwi i okien,<\/p><\/li><li class=\"product-list__item m-font txt-m b-color\"><p>uszczelnianie dylatacji, prze\u015bwit\u00f3w,<\/p><\/li><li class=\"product-list__item m-font txt-m b-color\"><p>wyg\u0142uszanie i uszczelnianie \u015bcian dzia\u0142owych,<\/p><\/li><li class=\"product-list__item m-font txt-m b-color\"><p>izolacja cieplna sieci wodnych, kanalizacyjnych, centralnego ogrzewania,<\/p><\/li><li class=\"product-list__item m-font txt-m b-color\"><p>klejenie i izolowanie paneli \u015bciennych, blach falistych, dach\u00f3wek,<\/p><\/li><li class=\"product-list__item m-font txt-m b-color\"><p>\u0142\u0105czenie element\u00f3w drewnianych w konstrukcjach szkieletowych,<\/p><\/li><li class=\"product-list__item m-font txt-m b-color\"><p>izolacja cieplna dach\u00f3w i stropodach\u00f3w,<\/p><\/li><li class=\"product-list__item m-font txt-m b-color\"><p>wype\u0142nianie szczelin mi\u0119dzy p\u0142ytami styropianowymi przy ocieplaniu budynk\u00f3w,<\/p><\/li><li class=\"product-list__item m-font txt-m b-color\"><p>wyg\u0142uszanie i uszczelnianie kabin samochodowych oraz \u0142odzi. \u00a0\u00a0\u00a0<\/p><\/li><\/ul><\/div>\n\t\t\t\t\t\t\t\t\t<div class=\"elementor-tab-title elementor-tab-mobile-title\" aria-selected=\"false\" data-tab=\"3\" role=\"tab\" tabindex=\"-1\" aria-controls=\"elementor-tab-content-1923\" aria-expanded=\"false\">POD\u0141O\u017bA<\/div>\n\t\t\t\t\t<div id=\"elementor-tab-content-1923\" class=\"elementor-tab-content elementor-clearfix\" data-tab=\"3\" role=\"tabpanel\" aria-labelledby=\"elementor-tab-title-1923\" tabindex=\"0\" hidden=\"hidden\"><h6 class=\"product__sbttl uppercase b-color txt-l m-font\">Nie Dotyczy<\/h6><\/div>\n\t\t\t\t\t\t\t\t\t<div class=\"elementor-tab-title elementor-tab-mobile-title\" aria-selected=\"false\" data-tab=\"4\" role=\"tab\" tabindex=\"-1\" aria-controls=\"elementor-tab-content-1924\" aria-expanded=\"false\">ZALETY PO STWARDNIENIU<\/div>\n\t\t\t\t\t<div id=\"elementor-tab-content-1924\" class=\"elementor-tab-content elementor-clearfix\" data-tab=\"4\" role=\"tabpanel\" aria-labelledby=\"elementor-tab-title-1924\" tabindex=\"0\" hidden=\"hidden\"><ul class=\"product-list\"><li class=\"product-list__item m-font txt-m b-color\">wodo- i mrozoodporna<\/li><\/ul><\/div>\n\t\t\t\t\t\t\t\t\t<div class=\"elementor-tab-title elementor-tab-mobile-title\" aria-selected=\"false\" data-tab=\"5\" role=\"tab\" tabindex=\"-1\" aria-controls=\"elementor-tab-content-1925\" aria-expanded=\"false\">PARAMETRY<\/div>\n\t\t\t\t\t<div id=\"elementor-tab-content-1925\" class=\"elementor-tab-content elementor-clearfix\" data-tab=\"5\" role=\"tabpanel\" aria-labelledby=\"elementor-tab-title-1925\" tabindex=\"0\" hidden=\"hidden\"><ul class=\"product-list\"><li class=\"product-list__item m-font txt-m b-color\"><p>wydajno\u015b\u0107: do 42l<\/p><\/li><li class=\"product-list__item m-font txt-m b-color\"><p>czas obr\u00f3bki wst\u0119pnej: po 40 min.<\/p><\/li><li class=\"product-list__item m-font txt-m b-color\"><p>czas pe\u0142nego utwardzenia: 24 h<\/p><\/li><li class=\"product-list__item m-font txt-m b-color\"><p>temperatura pracy: od +10\u00b0C do +30\u00b0C<\/p><\/li><li class=\"product-list__item m-font txt-m b-color\"><p>temperatura puszki: od +15\u00b0C do +30\u00b0C<\/p><\/li><li class=\"product-list__item m-font txt-m b-color\"><p>klasa reakcji na ogie\u0144: F\/B3 (EN 13501\/ DIN 4102)<\/p><\/li><\/ul><\/div>\n\t\t\t\t\t\t\t<\/div>\n\t\t<\/div>\n\t\t\t\t\t\t<\/div>\n\t\t\t\t<\/div>\n\t\t\t\t<div class=\"elementor-element elementor-element-c000fc5 elementor-widget elementor-widget-spacer\" data-id=\"c000fc5\" data-element_type=\"widget\" data-e-type=\"widget\" data-widget_type=\"spacer.default\">\n\t\t\t\t<div class=\"elementor-widget-container\">\n\t\t\t\t\t\t\t<div class=\"elementor-spacer\">\n\t\t\t<div class=\"elementor-spacer-inner\"><\/div>\n\t\t<\/div>\n\t\t\t\t\t\t<\/div>\n\t\t\t\t<\/div>\n\t\t\t\t<div class=\"vamtam-has-theme-widget-styles elementor-element elementor-element-fc81070 elementor-align-left elementor-widget elementor-widget-button\" data-id=\"fc81070\" data-element_type=\"widget\" data-e-type=\"widget\" data-widget_type=\"button.default\">\n\t\t\t\t<div class=\"elementor-widget-container\">\n\t\t\t\t\t\t\t\t\t<div class=\"elementor-button-wrapper\">\n\t\t\t\t\t<a class=\"elementor-button elementor-button-link elementor-size-sm\" href=\"https:\/\/new.phmb.com.pl\/wp-content\/uploads\/2024\/09\/FACHMANN-Piana-pistoletowa-letnia.pdf\" target=\"_blank\">\n\t\t\t\t\t\t<span class=\"elementor-button-content-wrapper\">\n\t\t\t\t\t\t<span class=\"elementor-button-icon\">\n\t\t\t\t<i aria-hidden=\"true\" class=\"far fa-file-pdf\"><\/i>\t\t\t<\/span>\n\t\t\t\t\t\t\t\t\t<span class=\"elementor-button-text\">Karta charakterystyki<\/span>\n\t\t\t\t\t<\/span>\n\t\t\t\t\t<\/a>\n\t\t\t\t<\/div>\n\t\t\t\t\t\t\t\t<\/div>\n\t\t\t\t<\/div>\n\t\t\t\t\t<\/div>\n\t\t<\/div>\n\t\t\t\t\t<\/div>\n\t\t<\/section>\n\t\t\t\t<section class=\"elementor-section elementor-top-section elementor-element elementor-element-7abeba31 elementor-section-boxed elementor-section-height-default elementor-section-height-default\" data-id=\"7abeba31\" data-element_type=\"section\" data-e-type=\"section\">\n\t\t\t\t\t\t<div class=\"elementor-container elementor-column-gap-no\">\n\t\t\t\t\t<div class=\"elementor-column elementor-col-100 elementor-top-column elementor-element elementor-element-51fa5fcb\" data-id=\"51fa5fcb\" data-element_type=\"column\" data-e-type=\"column\">\n\t\t\t<div class=\"elementor-widget-wrap elementor-element-populated\">\n\t\t\t\t\t\t<div class=\"elementor-element elementor-element-bfbe8b8 elementor-widget elementor-widget-spacer\" data-id=\"bfbe8b8\" data-element_type=\"widget\" data-e-type=\"widget\" data-widget_type=\"spacer.default\">\n\t\t\t\t<div class=\"elementor-widget-container\">\n\t\t\t\t\t\t\t<div class=\"elementor-spacer\">\n\t\t\t<div class=\"elementor-spacer-inner\"><\/div>\n\t\t<\/div>\n\t\t\t\t\t\t<\/div>\n\t\t\t\t<\/div>\n\t\t\t\t<div class=\"elementor-element elementor-element-180f6e1 elementor-widget elementor-widget-heading\" data-id=\"180f6e1\" data-element_type=\"widget\" data-e-type=\"widget\" data-widget_type=\"heading.default\">\n\t\t\t\t<div class=\"elementor-widget-container\">\n\t\t\t\t\t<h4 class=\"elementor-heading-title elementor-size-default\">ZOBACZ INNE PRODUKTY<\/h4>\t\t\t\t<\/div>\n\t\t\t\t<\/div>\n\t\t\t\t<div class=\"elementor-element elementor-element-4dbe25f elementor-widget elementor-widget-spacer\" data-id=\"4dbe25f\" data-element_type=\"widget\" data-e-type=\"widget\" data-widget_type=\"spacer.default\">\n\t\t\t\t<div class=\"elementor-widget-container\">\n\t\t\t\t\t\t\t<div class=\"elementor-spacer\">\n\t\t\t<div class=\"elementor-spacer-inner\"><\/div>\n\t\t<\/div>\n\t\t\t\t\t\t<\/div>\n\t\t\t\t<\/div>\n\t\t\t\t\t<\/div>\n\t\t<\/div>\n\t\t\t\t\t<\/div>\n\t\t<\/section>\n\t\t\t\t<\/div>\n\t\t","protected":false},"excerpt":{"rendered":"<p>Pianka pistoletowa letnia ECO Fachmann to profesjonalna poliuretanowa  piana monta\u017cowo-uszczelniaj\u0105ca przeznaczona do zastosowania przy pomocy pistoletu, dedykowana przede wszystkim do monta\u017cu drzwi i okien, wype\u0142niania wszelkich przestrzeni oraz termicznej i d\u017awi\u0119kowej izolacji. <\/p>\n","protected":false},"author":2,"featured_media":989061,"parent":140,"menu_order":0,"comment_status":"closed","ping_status":"closed","template":"","meta":{"_acf_changed":false,"footnotes":""},"categories":[84],"tags":[85],"class_list":["post-989036","page","type-page","status-publish","has-post-thumbnail","hentry","category-produkty","tag-produkty"],"acf":[],"_links":{"self":[{"href":"https:\/\/phmb.com.pl\/index.php\/wp-json\/wp\/v2\/pages\/989036","targetHints":{"allow":["GET"]}}],"collection":[{"href":"https:\/\/phmb.com.pl\/index.php\/wp-json\/wp\/v2\/pages"}],"about":[{"href":"https:\/\/phmb.com.pl\/index.php\/wp-json\/wp\/v2\/types\/page"}],"author":[{"embeddable":true,"href":"https:\/\/phmb.com.pl\/index.php\/wp-json\/wp\/v2\/users\/2"}],"replies":[{"embeddable":true,"href":"https:\/\/phmb.com.pl\/index.php\/wp-json\/wp\/v2\/comments?post=989036"}],"version-history":[{"count":0,"href":"https:\/\/phmb.com.pl\/index.php\/wp-json\/wp\/v2\/pages\/989036\/revisions"}],"up":[{"embeddable":true,"href":"https:\/\/phmb.com.pl\/index.php\/wp-json\/wp\/v2\/pages\/140"}],"wp:featuredmedia":[{"embeddable":true,"href":"https:\/\/phmb.com.pl\/index.php\/wp-json\/wp\/v2\/media\/989061"}],"wp:attachment":[{"href":"https:\/\/phmb.com.pl\/index.php\/wp-json\/wp\/v2\/media?parent=989036"}],"wp:term":[{"taxonomy":"category","embeddable":true,"href":"https:\/\/phmb.com.pl\/index.php\/wp-json\/wp\/v2\/categories?post=989036"},{"taxonomy":"post_tag","embeddable":true,"href":"https:\/\/phmb.com.pl\/index.php\/wp-json\/wp\/v2\/tags?post=989036"}],"curies":[{"name":"wp","href":"https:\/\/api.w.org\/{rel}","templated":true}]}}